{"id":3256,"date":"2024-09-05T18:04:51","date_gmt":"2024-09-05T16:04:51","guid":{"rendered":"https:\/\/www.wcl.de\/?page_id=3256"},"modified":"2025-06-20T18:31:55","modified_gmt":"2025-06-20T16:31:55","slug":"ueber-wcl","status":"publish","type":"page","link":"https:\/\/www.wcl.de\/de\/ueber-wcl\/","title":{"rendered":"\u00dcber WCL"},"content":{"rendered":"\n<div style=\"height:80px\" aria-hidden=\"true\" class=\"wp-block-spacer\"><\/div>\n\n\n<div class=\"wp-bootstrap-blocks-container container mb-2\">\n\t\n<div class=\"wp-bootstrap-blocks-row row\">\n\t\n\n<div class=\"col-12 col-md-6\">\n\t\t\t\n\n<p>WCL Worldwide Consultants in Logistics GmbH ist ein international t\u00e4tiges Beratungsunternehmen im Bereich Logistik und Supply Chain Management mit einer beeindruckenden Erfolgsgeschichte seit 1999. Gegr\u00fcndet in Hamburg von einem Team erfahrener Logistikexperten, verfolgt WCL das Ziel, Unternehmen jeder Gr\u00f6\u00dfe mit ma\u00dfgeschneiderten Logistikl\u00f6sungen zu unterst\u00fctzen.<\/p>\n<p>\u00dcber die Jahre hinweg hat WCL sein Netzwerk kontinuierlich erweitert und verf\u00fcgt heute \u00fcber Partnerb\u00fcros in 12 L\u00e4ndern, darunter bedeutende M\u00e4rkte wie China, die Vereinigten Staaten und Australien. Unser Dienstleistungsportfolio hat sich dabei stets den wachsenden und sich wandelnden Anforderungen unserer Kunden angepasst. Wir bieten heute eine breite Palette an Logistikberatungsdiensten an, darunter Executive Search, Merger &amp; Acquisition, den Aufbau von NVOCC-Strukturen sowie die Optimierung der Lieferkette.<\/p>\n<p>Unser Team besteht aus 19 hochqualifizierten Beratern, die ihre individuellen Kompetenzen in einem starken, global agierenden Team vereinen. Das umfassende Wissen und die langj\u00e4hrige Erfahrung unseres Teams stellen wir unseren Klienten zur Verf\u00fcgung, um langfristige und vertrauensvolle Partnerschaften aufzubauen.<\/p>\n\n\t<\/div>\n\n\n\n<div class=\"col-12 col-md-6\">\n\t\t\t\n\n<h2>Unser Ansatz<\/h2>\n<p>Im Zentrum unseres Handelns steht bei WCL die Entwicklung ma\u00dfgeschneiderter L\u00f6sungen. Durch die Kombination bew\u00e4hrter Methoden mit innovativen Ans\u00e4tzen stellen wir sicher, dass die spezifischen Bed\u00fcrfnisse unserer Kunden optimal erf\u00fcllt werden. Ob bei der Suche nach F\u00fchrungskr\u00e4ften, der Beratung bei Fusionen und \u00dcbernahmen (M&amp;A) oder der Optimierung der Supply Chain \u2013 unser Ziel ist es, nachhaltige Werte f\u00fcr unsere Kunden zu schaffen.<\/p>\n<p>Wir sind uns der komplexen Herausforderungen bewusst, denen moderne Unternehmen in der Logistikbranche gegen\u00fcberstehen, und bieten praxisorientierte L\u00f6sungen, die auf langj\u00e4hriger Erfahrung und tiefem Branchenwissen basieren. Unser Engagement f\u00fcr Qualit\u00e4t und Innovation macht uns zu einem vertrauensw\u00fcrdigen Partner f\u00fcr Unternehmen weltweit.<\/p>\n\n\t<\/div>\n\n<\/div>\n\n<\/div>\n","protected":false},"excerpt":{"rendered":"","protected":false},"author":1,"featured_media":0,"parent":0,"menu_order":9,"comment_status":"closed","ping_status":"closed","template":"templates\/temp-about.php","meta":{"_acf_changed":false,"inline_featured_image":false,"footnotes":""},"class_list":["post-3256","page","type-page","status-publish","hentry"],"acf":[],"_links":{"self":[{"href":"https:\/\/www.wcl.de\/de\/wp-json\/wp\/v2\/pages\/3256","targetHints":{"allow":["GET"]}}],"collection":[{"href":"https:\/\/www.wcl.de\/de\/wp-json\/wp\/v2\/pages"}],"about":[{"href":"https:\/\/www.wcl.de\/de\/wp-json\/wp\/v2\/types\/page"}],"author":[{"embeddable":true,"href":"https:\/\/www.wcl.de\/de\/wp-json\/wp\/v2\/users\/1"}],"replies":[{"embeddable":true,"href":"https:\/\/www.wcl.de\/de\/wp-json\/wp\/v2\/comments?post=3256"}],"version-history":[{"count":5,"href":"https:\/\/www.wcl.de\/de\/wp-json\/wp\/v2\/pages\/3256\/revisions"}],"predecessor-version":[{"id":4194,"href":"https:\/\/www.wcl.de\/de\/wp-json\/wp\/v2\/pages\/3256\/revisions\/4194"}],"wp:attachment":[{"href":"https:\/\/www.wcl.de\/de\/wp-json\/wp\/v2\/media?parent=3256"}],"curies":[{"name":"wp","href":"https:\/\/api.w.org\/{rel}","templated":true}]}}