{"id":1270,"date":"2022-02-11T14:27:16","date_gmt":"2022-02-11T13:27:16","guid":{"rendered":"https:\/\/localhost\/_aktuelles-2021\/wcl\/site-notice\/"},"modified":"2024-09-05T18:12:53","modified_gmt":"2024-09-05T16:12:53","slug":"impressum","status":"publish","type":"page","link":"https:\/\/www.wcl.de\/de\/impressum\/","title":{"rendered":"Impressum"},"content":{"rendered":"<div class=\"wp-bootstrap-blocks-row row\">\n\t\n\n<div class=\"col-12 col-md-6\">\n\t\t\t\n\n<p><strong>Firma<\/strong><br \/>WCL \u2013 Worldwide Consultants in Logistics GmbH<\/p>\n<p><strong>Anschrift<\/strong><br \/>WCL \u2013 Worldwide Consultants in Logistics GmbH<br \/>Alter Teichweg 11-13<br \/>22081 Hamburg<\/p>\n<p><strong>Telefon<\/strong><br \/>+49 40 8000 43751<\/p>\n<p><strong>Fax<\/strong><br \/>+49 40 8000 43759<\/p>\n<p><strong>Website<\/strong><br \/>https:\/\/www.wcl.de<\/p>\n<p><strong>E-Mail<\/strong><br \/><a title=\"&#111;ff&#105;&#99;e&#64;&#119;c&#108;&#46;&#100;&#101;\" href=\"mailto:of&#102;i&#99;e&#64;wcl&#46;&#100;e\">of&#102;&#105;&#99;&#101;&#64;&#119;c&#108;.&#100;&#101;<\/a><\/p>\n<p><strong>Vertretungsberechtigter Gesch\u00e4ftsf\u00fchrer<\/strong><br \/>Martin Sieg<\/p>\n<p><strong>Inhaltlich Verantwortlich<\/strong><br \/>Martin Sieg<\/p>\n<p><strong>Handelsregister<\/strong><br \/>Amtgericht Hamburg<\/p>\n<p><strong>Registernummer<\/strong><br \/>HRB 171468<\/p>\n<p><strong>USt-Id Nr.<\/strong><br \/>DE 310 057 301<\/p>\n\n\t<\/div>\n\n\n\n<div class=\"col-12 col-md-6\">\n\t\t\t\n\n<p><strong>Haftungshinweis<\/strong><br \/>F\u00fcr Richtigkeit, Vollst\u00e4ndigkeit und Aktualit\u00e4t der Daten wird keine Gew\u00e4hr \u00fcbernommen. Eine Haftung, insbesondere f\u00fcr eventuelle Sch\u00e4den oder Konsequenzen, die aus der Nutzung des Angebotes entstehen, ist ausgeschlossen. Die Firma WCL ist nicht f\u00fcr die Inhalte von Webseiten verantwortlich, auf die direkt oder indirekt per Link verwiesen wird.<\/p>\n<p>Die straf- und zivilrechtliche Verantwortung liegt beim jeweiligen Anbieter.<\/p>\n<p><strong>Copyright\/Urheberrecht<\/strong><br \/>Die Firma WCL beh\u00e4lt sich das Recht vor, Aktualisierungen, \u00c4nderungen und\/oder Erg\u00e4nzungen an den pr\u00e4sentierten Informationen und Daten unangek\u00fcndigt vorzunehmen. Sowohl das Layout als auch die Texte und Grafiken\/Bilder aller Seiten von www.wcl.de unterliegen dem Copyright der Firma WCL.<\/p>\n<p>Ohne vorherige schriftliche Zustimmung des Herausgebers d\u00fcrfen keine Informationen oder Daten \u2013 insbesondere Texte, Textteile oder Bildmaterial- verwendet werden.<\/p>\n<p>WCL ist eine eingetragene Marke beim Deutschen Patent- und Markenamt.<br \/>Nr. 30358286<\/p>\n<p><strong>Datenschutz<\/strong><br \/>Unsere Datenschutzerkl\u00e4rung entnehmen Sie bitte <a href=\"https:\/\/www.wcl.de\/de\/datenschutz\/\" data-wplink-url-error=\"true\">hier<\/a>.<\/p>\n<p>Dieses Impressum gilt auch f\u00fcr unsere Unternehmensauftritte auf LinkedIn, Facebook und Twitter.<\/p>\n\n\t<\/div>\n\n<\/div>\n","protected":false},"excerpt":{"rendered":"","protected":false},"author":1,"featured_media":0,"parent":0,"menu_order":97,"comment_status":"closed","ping_status":"closed","template":"","meta":{"_acf_changed":false,"inline_featured_image":false,"footnotes":""},"class_list":["post-1270","page","type-page","status-publish","hentry"],"acf":[],"_links":{"self":[{"href":"https:\/\/www.wcl.de\/de\/wp-json\/wp\/v2\/pages\/1270","targetHints":{"allow":["GET"]}}],"collection":[{"href":"https:\/\/www.wcl.de\/de\/wp-json\/wp\/v2\/pages"}],"about":[{"href":"https:\/\/www.wcl.de\/de\/wp-json\/wp\/v2\/types\/page"}],"author":[{"embeddable":true,"href":"https:\/\/www.wcl.de\/de\/wp-json\/wp\/v2\/users\/1"}],"replies":[{"embeddable":true,"href":"https:\/\/www.wcl.de\/de\/wp-json\/wp\/v2\/comments?post=1270"}],"version-history":[{"count":3,"href":"https:\/\/www.wcl.de\/de\/wp-json\/wp\/v2\/pages\/1270\/revisions"}],"predecessor-version":[{"id":2428,"href":"https:\/\/www.wcl.de\/de\/wp-json\/wp\/v2\/pages\/1270\/revisions\/2428"}],"wp:attachment":[{"href":"https:\/\/www.wcl.de\/de\/wp-json\/wp\/v2\/media?parent=1270"}],"curies":[{"name":"wp","href":"https:\/\/api.w.org\/{rel}","templated":true}]}}